{"id":1061,"date":"2023-09-29T20:27:59","date_gmt":"2023-09-29T20:27:59","guid":{"rendered":"https:\/\/lamatronagrafica.com\/gonzalezcolomer\/?page_id=1061"},"modified":"2023-09-29T21:00:41","modified_gmt":"2023-09-29T21:00:41","slug":"codigo-de-barras","status":"publish","type":"page","link":"https:\/\/lamatronagrafica.com\/gonzalezcolomer\/codigo-de-barras\/","title":{"rendered":"C\u00d3DIGO DE BARRAS"},"content":{"rendered":"<section class=\"wpb-content-wrapper\"><p>[vc_row full_width=&#8221;stretch_row_content_no_spaces&#8221; content_placement=&#8221;middle&#8221; css=&#8221;.vc_custom_1696020965682{margin-bottom: 0px !important;padding-bottom: 0px !important;background-color: #ffffff !important;background-position: center !important;background-repeat: no-repeat !important;background-size: cover !important;}&#8221; custom_css_code=&#8221;LmN1c3RvbS1kaXZpZGVyJTdCJTBBJTIwJTIwJTIwJTIwd2lkdGglM0ElMjAzOHB4JTNCJTBBJTdEJTBBJTQwbWVkaWElMjAlMjhtYXgtd2lkdGglM0ElMjAzMzBweCUyOSU3QiUwQSUyMCUyMCUyMCUyMC50aXRsZS14bGFyZ2UlMjAlN0IlMEElMjAlMjAlMjAlMjAlMjAlMjAlMjAlMjBmb250LXNpemUlM0ElMjAzNHB4JTNCJTBBJTIwJTIwJTIwJTIwJTdEJTBBJTdE&#8221;][vc_column width=&#8221;1\/2&#8243; disable_custom_paddings_mobile=&#8221;true&#8221;][vc_single_image image=&#8221;1063&#8243; img_size=&#8221;large&#8221; alignment=&#8221;center&#8221;][\/vc_column][vc_column width=&#8221;1\/2&#8243;][vc_single_image image=&#8221;1064&#8243; img_size=&#8221;large&#8221;][\/vc_column][\/vc_row][vc_row full_width=&#8221;stretch_row&#8221; gap=&#8221;15&#8243; equal_height=&#8221;yes&#8221; content_placement=&#8221;middle&#8221; css_animation=&#8221;none&#8221; css=&#8221;.vc_custom_1696021105706{margin-bottom: 0px !important;padding-top: 15px !important;padding-bottom: 15px !important;background-color: #e0cb89 !important;background-position: center !important;background-repeat: no-repeat !important;background-size: cover !important;}&#8221; el_class=&#8221;st-hero&#8221;][vc_column width=&#8221;1\/4&#8243; offset=&#8221;vc_col-lg-4&#8243;][vc_custom_heading text=&#8221;ESPECIALISTAS EN<br \/>\nEST\u00c9TICA FACIAL&#8221; font_container=&#8221;tag:h2|font_size:28|text_align:left|color:%23ffffff|line_height:1&#8243; use_theme_fonts=&#8221;yes&#8221;][\/vc_column][vc_column width=&#8221;1\/2&#8243; offset=&#8221;vc_col-lg-5&#8243;][vc_column_text css_animation=&#8221;none&#8221; el_class=&#8221;line-before-text&#8221;]<\/p>\n<div class=\"styled-subtitle\" style=\"overflow-wrap: break-word; max-width: 610px; text-align: center;\"><span style=\"color: #ffffff;\">EN Gonz\u00e1lez Colomer te sentir\u00e1s como en casa, nada nos gusta m\u00e1s que una buena sonrisa, tu sonrisa<\/span><\/div>\n<p>[\/vc_column_text][\/vc_column][vc_column width=&#8221;1\/4&#8243; offset=&#8221;vc_col-lg-3&#8243;]<style type=\"text\/css\">.thegem-button-69f739d54f27f667 .gem-button svg {fill: #000000;}.thegem-button-69f739d54f27f667 .gem-button:hover svg {fill: #ffffff;}<\/style><div class=\"gem-button-container gem-button-position-center thegem-button-69f739d54f27f667    \"  ><a class=\"gem-button gem-button-size-medium gem-button-style-flat gem-button-text-weight-thin\" data-ll-effect=\"drop-right-without-wrap\" style=\"border-radius: 25px;background-color: #ffffff;color: #000000;\" onmouseleave=\"this.style.backgroundColor='#ffffff';this.style.color='#000000';\" onmouseenter=\"this.style.backgroundColor='#9e9e9e';this.style.color='#ffffff';\" href=\"\" target=\"_self\">\u00a1 PIDE TU CITA !<\/a><\/div> [\/vc_column][\/vc_row]<\/p>\n<\/section>","protected":false},"excerpt":{"rendered":"<p>[vc_row full_width=&#8221;stretch_row_content_no_spaces&#8221; content_placement=&#8221;middle&#8221; css=&#8221;.vc_custom_1696020965682{margin-bottom: 0px !important;padding-bottom: 0px !important;background-color: #ffffff !important;background-position: center !important;background-repeat: no-repeat !important;background-size: cover !important;}&#8221; custom_css_code=&#8221;LmN1c3RvbS1kaXZpZGVyJTdCJTBBJTIwJTIwJTIwJTIwd2lkdGglM0ElMjAzOHB4JTNCJTBBJTdEJTBBJTQwbWVkaWElMjAlMjhtYXgtd2lkdGglM0ElMjAzMzBweCUyOSU3QiUwQSUyMCUyMCUyMCUyMC50aXRsZS14bGFyZ2UlMjAlN0IlMEElMjAlMjAlMjAlMjAlMjAlMjAlMjAlMjBmb250LXNpemUlM0ElMjAzNHB4JTNCJTBBJTIwJTIwJTIwJTIwJTdEJTBBJTdE&#8221;][vc_column width=&#8221;1\/2&#8243; disable_custom_paddings_mobile=&#8221;true&#8221;][vc_single_image image=&#8221;1063&#8243;&#8230;<\/p>\n","protected":false},"author":1,"featured_media":0,"parent":0,"menu_order":0,"comment_status":"closed","ping_status":"closed","template":"","meta":{"footnotes":""},"class_list":["post-1061","page","type-page","status-publish"],"_links":{"self":[{"href":"https:\/\/lamatronagrafica.com\/gonzalezcolomer\/wp-json\/wp\/v2\/pages\/1061","targetHints":{"allow":["GET"]}}],"collection":[{"href":"https:\/\/lamatronagrafica.com\/gonzalezcolomer\/wp-json\/wp\/v2\/pages"}],"about":[{"href":"https:\/\/lamatronagrafica.com\/gonzalezcolomer\/wp-json\/wp\/v2\/types\/page"}],"author":[{"embeddable":true,"href":"https:\/\/lamatronagrafica.com\/gonzalezcolomer\/wp-json\/wp\/v2\/users\/1"}],"replies":[{"embeddable":true,"href":"https:\/\/lamatronagrafica.com\/gonzalezcolomer\/wp-json\/wp\/v2\/comments?post=1061"}],"version-history":[{"count":8,"href":"https:\/\/lamatronagrafica.com\/gonzalezcolomer\/wp-json\/wp\/v2\/pages\/1061\/revisions"}],"predecessor-version":[{"id":1073,"href":"https:\/\/lamatronagrafica.com\/gonzalezcolomer\/wp-json\/wp\/v2\/pages\/1061\/revisions\/1073"}],"wp:attachment":[{"href":"https:\/\/lamatronagrafica.com\/gonzalezcolomer\/wp-json\/wp\/v2\/media?parent=1061"}],"curies":[{"name":"wp","href":"https:\/\/api.w.org\/{rel}","templated":true}]}}